{"id":115,"date":"2014-03-24T13:54:41","date_gmt":"2014-03-24T12:54:41","guid":{"rendered":"http:\/\/dywany.grajewo.pl\/?page_id=115"},"modified":"2014-05-04T21:58:39","modified_gmt":"2014-05-04T19:58:39","slug":"115-2","status":"publish","type":"page","link":"https:\/\/dywany.grajewo.pl\/","title":{"rendered":"Witamy"},"content":{"rendered":"<h3><strong><em>Szanowni Pa\u0144stwo<br \/>\n<\/em><\/strong><\/h3>\n<h5 style=\"text-align: justify;\">Zajmujemy si\u0119 sprzeda\u017c\u0105 detaliczn\u0105 artyku\u0142\u00f3w przemys\u0142owych. Istniejemy na rynku od ponad 20 lat. W przeci\u0105gu tego czasu, maj\u0105c na wzgl\u0119dzie zaspokojenie wci\u0105\u017c rosn\u0105cych oczekiwa\u0144 naszych klient\u00f3w,\u00a0 stale poszerzali\u015bmy asortyment naszego sklepu. I tak na dzie\u0144 dzisiejszy mo\u017cemy\u00a0 pochwali\u0107 si\u0119 r\u00f3\u017cnorodn\u0105 i bogat\u0105 ofert\u0105 sklepu, kt\u00f3ra w po\u0142\u0105czeniu z konkurencyjnymi cenami i fachow\u0105 obs\u0142ug\u0105 pozwoli Pa\u0144stwu cieszy\u0107 si\u0119 zakupami. W\u015br\u00f3d towar\u00f3w proponowanych przez nasz\u0105 firm\u0119 znajd\u0105 Pa\u0144stwo mi\u0119dzy innymi:<\/h5>\n<p>&nbsp;<\/p>\n<ul>\n<li>\n<h5><em>dywany, chodniki, wycieraczki, komplety \u0142azienkowe<br \/>\n<\/em><\/h5>\n<\/li>\n<li>\n<h5><em>po\u015bciel, ko\u0142dry, poduszki, prze\u015bcierad\u0142a<\/em><\/h5>\n<\/li>\n<li>\n<h5><em>tkaniny ubraniowe i obiciowe<\/em><\/h5>\n<\/li>\n<li>\n<h5><em>koce, r\u0119czniki, narzuty<\/em><\/h5>\n<\/li>\n<li>\n<h5><em>firany, obrusy, ceraty<\/em><\/h5>\n<\/li>\n<li>\n<h5><em>pledy zdrowotne<\/em><\/h5>\n<\/li>\n<li>\n<h5><em>\u015bcierki, serwety, dodatki krawieckie.<\/em><\/h5>\n<\/li>\n<\/ul>\n<h5><\/h5>\n<h5><em>W celu bli\u017cszego zapoznania si\u0119 z asortymentem naszej firmy serdecznie zapraszamy do naszych sklep\u00f3w.<\/em><\/h5>\n","protected":false},"excerpt":{"rendered":"<p>Szanowni Pa\u0144stwo Zajmujemy si\u0119 sprzeda\u017c\u0105 detaliczn\u0105 artyku\u0142\u00f3w przemys\u0142owych. Istniejemy na rynku od ponad 20 lat. W przeci\u0105gu tego czasu, maj\u0105c na wzgl\u0119dzie zaspokojenie wci\u0105\u017c rosn\u0105cych oczekiwa\u0144 naszych klient\u00f3w,\u00a0 stale poszerzali\u015bmy asortyment naszego sklepu. I tak na dzie\u0144 dzisiejszy mo\u017cemy\u00a0 pochwali\u0107 si\u0119 r\u00f3\u017cnorodn\u0105 i bogat\u0105 ofert\u0105 sklepu, kt\u00f3ra w po\u0142\u0105czeniu z konkurencyjnymi cenami i fachow\u0105 obs\u0142ug\u0105 [&hellip;]<\/p>\n","protected":false},"author":2,"featured_media":0,"parent":0,"menu_order":2,"comment_status":"closed","ping_status":"open","template":"","meta":[],"_links":{"self":[{"href":"https:\/\/dywany.grajewo.pl\/index.php?rest_route=\/wp\/v2\/pages\/115"}],"collection":[{"href":"https:\/\/dywany.grajewo.pl\/index.php?rest_route=\/wp\/v2\/pages"}],"about":[{"href":"https:\/\/dywany.grajewo.pl\/index.php?rest_route=\/wp\/v2\/types\/page"}],"author":[{"embeddable":true,"href":"https:\/\/dywany.grajewo.pl\/index.php?rest_route=\/wp\/v2\/users\/2"}],"replies":[{"embeddable":true,"href":"https:\/\/dywany.grajewo.pl\/index.php?rest_route=%2Fwp%2Fv2%2Fcomments&post=115"}],"version-history":[{"count":6,"href":"https:\/\/dywany.grajewo.pl\/index.php?rest_route=\/wp\/v2\/pages\/115\/revisions"}],"predecessor-version":[{"id":183,"href":"https:\/\/dywany.grajewo.pl\/index.php?rest_route=\/wp\/v2\/pages\/115\/revisions\/183"}],"wp:attachment":[{"href":"https:\/\/dywany.grajewo.pl\/index.php?rest_route=%2Fwp%2Fv2%2Fmedia&parent=115"}],"curies":[{"name":"wp","href":"https:\/\/api.w.org\/{rel}","templated":true}]}}